{"id":129,"date":"2021-09-06T11:26:47","date_gmt":"2021-09-06T11:26:47","guid":{"rendered":"https:\/\/art-nouveau.tmj-digital.de\/?page_id=129"},"modified":"2021-09-06T12:20:33","modified_gmt":"2021-09-06T12:20:33","slug":"motive","status":"publish","type":"page","link":"https:\/\/art-nouveau.tmj-digital.de\/?page_id=129","title":{"rendered":"Motive"},"content":{"rendered":"<p>Unsere Motive sind so vielf\u00e4ltig wie unsere Kunden. Und bestimmt hast du schon eine Idee, was du als Tattoo haben m\u00f6chtest.<\/p>\n<p>Ein Tattoo ist so viel mehr als nur etwas Farbe unter der Haut. Tattoos haben f\u00fcr den Tr\u00e4ger eine tiefere Bedeutung &#8211; oft verbinden sich damit besondere Ereignisse, ein Abschnitt im Leben oder wichtige Erinnerungen.<\/p>\n<p>Gemeinsam wollen wir diese Bedeutung einfangen. Deine Vorstellungen, unsere Kreativit\u00e4t und die k\u00fcnstlerische Umsetzung sollen f\u00fcr jeden etwas individuelles und ganz besonderes entstehen lassen.<\/p>\n\n\n<figure class=\"wp-block-gallery columns-3 is-cropped wp-block-gallery-1 is-layout-flex wp-block-gallery-is-layout-flex\"><ul class=\"blocks-gallery-grid\"><li class=\"blocks-gallery-item\"><figure><a href=\"https:\/\/art-nouveau.tmj-digital.de\/wp-content\/uploads\/2021\/09\/214441203_659913845408783_5988700523784090268_n.jpg\"><img loading=\"lazy\" decoding=\"async\" width=\"925\" height=\"1024\" src=\"https:\/\/art-nouveau.tmj-digital.de\/wp-content\/uploads\/2021\/09\/214441203_659913845408783_5988700523784090268_n-925x1024.jpg\" alt=\"\" data-id=\"23\" data-full-url=\"https:\/\/art-nouveau.tmj-digital.de\/wp-content\/uploads\/2021\/09\/214441203_659913845408783_5988700523784090268_n.jpg\" data-link=\"https:\/\/art-nouveau.tmj-digital.de\/?attachment_id=23\" class=\"wp-image-23\" srcset=\"https:\/\/art-nouveau.tmj-digital.de\/wp-content\/uploads\/2021\/09\/214441203_659913845408783_5988700523784090268_n-925x1024.jpg 925w, https:\/\/art-nouveau.tmj-digital.de\/wp-content\/uploads\/2021\/09\/214441203_659913845408783_5988700523784090268_n-271x300.jpg 271w, https:\/\/art-nouveau.tmj-digital.de\/wp-content\/uploads\/2021\/09\/214441203_659913845408783_5988700523784090268_n-768x850.jpg 768w, https:\/\/art-nouveau.tmj-digital.de\/wp-content\/uploads\/2021\/09\/214441203_659913845408783_5988700523784090268_n.jpg 1080w\" sizes=\"auto, (max-width: 767px) 89vw, (max-width: 1000px) 54vw, (max-width: 1071px) 543px, 580px\" \/><\/a><\/figure><\/li><li class=\"blocks-gallery-item\"><figure><a href=\"https:\/\/art-nouveau.tmj-digital.de\/wp-content\/uploads\/2021\/09\/228239819_144742001123314_8451025759201964811_n.jpg\"><img loading=\"lazy\" decoding=\"async\" width=\"1024\" height=\"1024\" src=\"https:\/\/art-nouveau.tmj-digital.de\/wp-content\/uploads\/2021\/09\/228239819_144742001123314_8451025759201964811_n-1024x1024.jpg\" alt=\"\" data-id=\"24\" data-full-url=\"https:\/\/art-nouveau.tmj-digital.de\/wp-content\/uploads\/2021\/09\/228239819_144742001123314_8451025759201964811_n.jpg\" data-link=\"https:\/\/art-nouveau.tmj-digital.de\/?attachment_id=24\" class=\"wp-image-24\" srcset=\"https:\/\/art-nouveau.tmj-digital.de\/wp-content\/uploads\/2021\/09\/228239819_144742001123314_8451025759201964811_n-1024x1024.jpg 1024w, https:\/\/art-nouveau.tmj-digital.de\/wp-content\/uploads\/2021\/09\/228239819_144742001123314_8451025759201964811_n-300x300.jpg 300w, https:\/\/art-nouveau.tmj-digital.de\/wp-content\/uploads\/2021\/09\/228239819_144742001123314_8451025759201964811_n-150x150.jpg 150w, https:\/\/art-nouveau.tmj-digital.de\/wp-content\/uploads\/2021\/09\/228239819_144742001123314_8451025759201964811_n-768x768.jpg 768w, https:\/\/art-nouveau.tmj-digital.de\/wp-content\/uploads\/2021\/09\/228239819_144742001123314_8451025759201964811_n-100x100.jpg 100w, https:\/\/art-nouveau.tmj-digital.de\/wp-content\/uploads\/2021\/09\/228239819_144742001123314_8451025759201964811_n.jpg 1080w\" sizes=\"auto, (max-width: 767px) 89vw, (max-width: 1000px) 54vw, (max-width: 1071px) 543px, 580px\" \/><\/a><\/figure><\/li><li class=\"blocks-gallery-item\"><figure><a href=\"https:\/\/art-nouveau.tmj-digital.de\/wp-content\/uploads\/2021\/09\/61118387_849692105382166_3608692541830228143_n.jpg\"><img loading=\"lazy\" decoding=\"async\" width=\"1024\" height=\"1024\" src=\"https:\/\/art-nouveau.tmj-digital.de\/wp-content\/uploads\/2021\/09\/61118387_849692105382166_3608692541830228143_n-1024x1024.jpg\" alt=\"\" data-id=\"25\" data-full-url=\"https:\/\/art-nouveau.tmj-digital.de\/wp-content\/uploads\/2021\/09\/61118387_849692105382166_3608692541830228143_n.jpg\" data-link=\"https:\/\/art-nouveau.tmj-digital.de\/?attachment_id=25\" class=\"wp-image-25\" srcset=\"https:\/\/art-nouveau.tmj-digital.de\/wp-content\/uploads\/2021\/09\/61118387_849692105382166_3608692541830228143_n-1024x1024.jpg 1024w, https:\/\/art-nouveau.tmj-digital.de\/wp-content\/uploads\/2021\/09\/61118387_849692105382166_3608692541830228143_n-300x300.jpg 300w, https:\/\/art-nouveau.tmj-digital.de\/wp-content\/uploads\/2021\/09\/61118387_849692105382166_3608692541830228143_n-150x150.jpg 150w, https:\/\/art-nouveau.tmj-digital.de\/wp-content\/uploads\/2021\/09\/61118387_849692105382166_3608692541830228143_n-768x768.jpg 768w, https:\/\/art-nouveau.tmj-digital.de\/wp-content\/uploads\/2021\/09\/61118387_849692105382166_3608692541830228143_n-100x100.jpg 100w, https:\/\/art-nouveau.tmj-digital.de\/wp-content\/uploads\/2021\/09\/61118387_849692105382166_3608692541830228143_n.jpg 1080w\" sizes=\"auto, (max-width: 767px) 89vw, (max-width: 1000px) 54vw, (max-width: 1071px) 543px, 580px\" \/><\/a><\/figure><\/li><\/ul><\/figure>\n","protected":false},"excerpt":{"rendered":"<p>Unsere Motive sind so vielf\u00e4ltig wie unsere Kunden. Und bestimmt hast du schon eine Idee, was du als Tattoo haben m\u00f6chtest. Ein Tattoo ist so viel mehr als nur etwas Farbe unter der Haut. Tattoos haben f\u00fcr den Tr\u00e4ger eine tiefere Bedeutung &#8211; oft verbinden sich damit besondere Ereignisse, ein Abschnitt im Leben oder wichtige &hellip; <\/p>\n<p class=\"link-more\"><a href=\"https:\/\/art-nouveau.tmj-digital.de\/?page_id=129\" class=\"more-link\"><span class=\"screen-reader-text\">\u201eMotive\u201c<\/span> weiterlesen<\/a><\/p>\n","protected":false},"author":1,"featured_media":0,"parent":0,"menu_order":0,"comment_status":"closed","ping_status":"closed","template":"","meta":{"footnotes":""},"class_list":["post-129","page","type-page","status-publish","hentry"],"yoast_head":"<!-- This site is optimized with the Yoast SEO plugin v17.2 - https:\/\/yoast.com\/wordpress\/plugins\/seo\/ -->\n<title>Motive - Art Nouveau<\/title>\n<meta name=\"robots\" content=\"noindex, follow, max-snippet:-1, max-image-preview:large, max-video-preview:-1\" \/>\n<meta property=\"og:locale\" content=\"de_DE\" \/>\n<meta property=\"og:type\" content=\"article\" \/>\n<meta property=\"og:title\" content=\"Motive - Art Nouveau\" \/>\n<meta property=\"og:description\" content=\"Unsere Motive sind so vielf\u00e4ltig wie unsere Kunden. Und bestimmt hast du schon eine Idee, was du als Tattoo haben m\u00f6chtest. Ein Tattoo ist so viel mehr als nur etwas Farbe unter der Haut. Tattoos haben f\u00fcr den Tr\u00e4ger eine tiefere Bedeutung &#8211; oft verbinden sich damit besondere Ereignisse, ein Abschnitt im Leben oder wichtige &hellip; \u201eMotive\u201c weiterlesen\" \/>\n<meta property=\"og:url\" content=\"https:\/\/art-nouveau.tmj-digital.de\/?page_id=129\" \/>\n<meta property=\"og:site_name\" content=\"Art Nouveau\" \/>\n<meta property=\"article:publisher\" content=\"https:\/\/tattoo-art-nouveau.de\" \/>\n<meta property=\"article:modified_time\" content=\"2021-09-06T12:20:33+00:00\" \/>\n<meta property=\"og:image\" content=\"https:\/\/art-nouveau.tmj-digital.de\/wp-content\/uploads\/2021\/09\/214441203_659913845408783_5988700523784090268_n-925x1024.jpg\" \/>\n<meta name=\"twitter:card\" content=\"summary_large_image\" \/>\n<script type=\"application\/ld+json\" class=\"yoast-schema-graph\">{\"@context\":\"https:\/\/schema.org\",\"@graph\":[{\"@type\":\"Organization\",\"@id\":\"https:\/\/art-nouveau.tmj-digital.de\/#organization\",\"name\":\"ART NOUVEAU - Tattoo & Atelier\",\"url\":\"https:\/\/art-nouveau.tmj-digital.de\/\",\"sameAs\":[\"https:\/\/tattoo-art-nouveau.de\"],\"logo\":{\"@type\":\"ImageObject\",\"@id\":\"https:\/\/art-nouveau.tmj-digital.de\/#logo\",\"inLanguage\":\"de\",\"url\":\"https:\/\/art-nouveau.tmj-digital.de\/wp-content\/uploads\/2021\/09\/josi-logo-gold-2.svg\",\"contentUrl\":\"https:\/\/art-nouveau.tmj-digital.de\/wp-content\/uploads\/2021\/09\/josi-logo-gold-2.svg\",\"width\":100,\"height\":100,\"caption\":\"ART NOUVEAU - Tattoo & Atelier\"},\"image\":{\"@id\":\"https:\/\/art-nouveau.tmj-digital.de\/#logo\"}},{\"@type\":\"WebSite\",\"@id\":\"https:\/\/art-nouveau.tmj-digital.de\/#website\",\"url\":\"https:\/\/art-nouveau.tmj-digital.de\/\",\"name\":\"Art Nouveau\",\"description\":\"Tattoo \\u2022 Atelier\",\"publisher\":{\"@id\":\"https:\/\/art-nouveau.tmj-digital.de\/#organization\"},\"potentialAction\":[{\"@type\":\"SearchAction\",\"target\":{\"@type\":\"EntryPoint\",\"urlTemplate\":\"https:\/\/art-nouveau.tmj-digital.de\/?s={search_term_string}\"},\"query-input\":\"required name=search_term_string\"}],\"inLanguage\":\"de\"},{\"@type\":\"ImageObject\",\"@id\":\"https:\/\/art-nouveau.tmj-digital.de\/?page_id=129#primaryimage\",\"inLanguage\":\"de\",\"url\":\"https:\/\/art-nouveau.tmj-digital.de\/wp-content\/uploads\/2021\/09\/214441203_659913845408783_5988700523784090268_n.jpg\",\"contentUrl\":\"https:\/\/art-nouveau.tmj-digital.de\/wp-content\/uploads\/2021\/09\/214441203_659913845408783_5988700523784090268_n.jpg\",\"width\":1080,\"height\":1196},{\"@type\":\"WebPage\",\"@id\":\"https:\/\/art-nouveau.tmj-digital.de\/?page_id=129#webpage\",\"url\":\"https:\/\/art-nouveau.tmj-digital.de\/?page_id=129\",\"name\":\"Motive - Art Nouveau\",\"isPartOf\":{\"@id\":\"https:\/\/art-nouveau.tmj-digital.de\/#website\"},\"primaryImageOfPage\":{\"@id\":\"https:\/\/art-nouveau.tmj-digital.de\/?page_id=129#primaryimage\"},\"datePublished\":\"2021-09-06T11:26:47+00:00\",\"dateModified\":\"2021-09-06T12:20:33+00:00\",\"breadcrumb\":{\"@id\":\"https:\/\/art-nouveau.tmj-digital.de\/?page_id=129#breadcrumb\"},\"inLanguage\":\"de\",\"potentialAction\":[{\"@type\":\"ReadAction\",\"target\":[\"https:\/\/art-nouveau.tmj-digital.de\/?page_id=129\"]}]},{\"@type\":\"BreadcrumbList\",\"@id\":\"https:\/\/art-nouveau.tmj-digital.de\/?page_id=129#breadcrumb\",\"itemListElement\":[{\"@type\":\"ListItem\",\"position\":1,\"name\":\"Startseite\",\"item\":\"https:\/\/art-nouveau.tmj-digital.de\/\"},{\"@type\":\"ListItem\",\"position\":2,\"name\":\"Motive\"}]}]}<\/script>\n<!-- \/ Yoast SEO plugin. -->","yoast_head_json":{"title":"Motive - Art Nouveau","robots":{"index":"noindex","follow":"follow","max-snippet":"max-snippet:-1","max-image-preview":"max-image-preview:large","max-video-preview":"max-video-preview:-1"},"og_locale":"de_DE","og_type":"article","og_title":"Motive - Art Nouveau","og_description":"Unsere Motive sind so vielf\u00e4ltig wie unsere Kunden. Und bestimmt hast du schon eine Idee, was du als Tattoo haben m\u00f6chtest. Ein Tattoo ist so viel mehr als nur etwas Farbe unter der Haut. Tattoos haben f\u00fcr den Tr\u00e4ger eine tiefere Bedeutung &#8211; oft verbinden sich damit besondere Ereignisse, ein Abschnitt im Leben oder wichtige &hellip; \u201eMotive\u201c weiterlesen","og_url":"https:\/\/art-nouveau.tmj-digital.de\/?page_id=129","og_site_name":"Art Nouveau","article_publisher":"https:\/\/tattoo-art-nouveau.de","article_modified_time":"2021-09-06T12:20:33+00:00","og_image":[{"url":"https:\/\/art-nouveau.tmj-digital.de\/wp-content\/uploads\/2021\/09\/214441203_659913845408783_5988700523784090268_n-925x1024.jpg"}],"twitter_card":"summary_large_image","schema":{"@context":"https:\/\/schema.org","@graph":[{"@type":"Organization","@id":"https:\/\/art-nouveau.tmj-digital.de\/#organization","name":"ART NOUVEAU - Tattoo & Atelier","url":"https:\/\/art-nouveau.tmj-digital.de\/","sameAs":["https:\/\/tattoo-art-nouveau.de"],"logo":{"@type":"ImageObject","@id":"https:\/\/art-nouveau.tmj-digital.de\/#logo","inLanguage":"de","url":"https:\/\/art-nouveau.tmj-digital.de\/wp-content\/uploads\/2021\/09\/josi-logo-gold-2.svg","contentUrl":"https:\/\/art-nouveau.tmj-digital.de\/wp-content\/uploads\/2021\/09\/josi-logo-gold-2.svg","width":100,"height":100,"caption":"ART NOUVEAU - Tattoo & Atelier"},"image":{"@id":"https:\/\/art-nouveau.tmj-digital.de\/#logo"}},{"@type":"WebSite","@id":"https:\/\/art-nouveau.tmj-digital.de\/#website","url":"https:\/\/art-nouveau.tmj-digital.de\/","name":"Art Nouveau","description":"Tattoo \u2022 Atelier","publisher":{"@id":"https:\/\/art-nouveau.tmj-digital.de\/#organization"},"potentialAction":[{"@type":"SearchAction","target":{"@type":"EntryPoint","urlTemplate":"https:\/\/art-nouveau.tmj-digital.de\/?s={search_term_string}"},"query-input":"required name=search_term_string"}],"inLanguage":"de"},{"@type":"ImageObject","@id":"https:\/\/art-nouveau.tmj-digital.de\/?page_id=129#primaryimage","inLanguage":"de","url":"https:\/\/art-nouveau.tmj-digital.de\/wp-content\/uploads\/2021\/09\/214441203_659913845408783_5988700523784090268_n.jpg","contentUrl":"https:\/\/art-nouveau.tmj-digital.de\/wp-content\/uploads\/2021\/09\/214441203_659913845408783_5988700523784090268_n.jpg","width":1080,"height":1196},{"@type":"WebPage","@id":"https:\/\/art-nouveau.tmj-digital.de\/?page_id=129#webpage","url":"https:\/\/art-nouveau.tmj-digital.de\/?page_id=129","name":"Motive - Art Nouveau","isPartOf":{"@id":"https:\/\/art-nouveau.tmj-digital.de\/#website"},"primaryImageOfPage":{"@id":"https:\/\/art-nouveau.tmj-digital.de\/?page_id=129#primaryimage"},"datePublished":"2021-09-06T11:26:47+00:00","dateModified":"2021-09-06T12:20:33+00:00","breadcrumb":{"@id":"https:\/\/art-nouveau.tmj-digital.de\/?page_id=129#breadcrumb"},"inLanguage":"de","potentialAction":[{"@type":"ReadAction","target":["https:\/\/art-nouveau.tmj-digital.de\/?page_id=129"]}]},{"@type":"BreadcrumbList","@id":"https:\/\/art-nouveau.tmj-digital.de\/?page_id=129#breadcrumb","itemListElement":[{"@type":"ListItem","position":1,"name":"Startseite","item":"https:\/\/art-nouveau.tmj-digital.de\/"},{"@type":"ListItem","position":2,"name":"Motive"}]}]}},"_links":{"self":[{"href":"https:\/\/art-nouveau.tmj-digital.de\/index.php?rest_route=\/wp\/v2\/pages\/129","targetHints":{"allow":["GET"]}}],"collection":[{"href":"https:\/\/art-nouveau.tmj-digital.de\/index.php?rest_route=\/wp\/v2\/pages"}],"about":[{"href":"https:\/\/art-nouveau.tmj-digital.de\/index.php?rest_route=\/wp\/v2\/types\/page"}],"author":[{"embeddable":true,"href":"https:\/\/art-nouveau.tmj-digital.de\/index.php?rest_route=\/wp\/v2\/users\/1"}],"replies":[{"embeddable":true,"href":"https:\/\/art-nouveau.tmj-digital.de\/index.php?rest_route=%2Fwp%2Fv2%2Fcomments&post=129"}],"version-history":[{"count":3,"href":"https:\/\/art-nouveau.tmj-digital.de\/index.php?rest_route=\/wp\/v2\/pages\/129\/revisions"}],"predecessor-version":[{"id":152,"href":"https:\/\/art-nouveau.tmj-digital.de\/index.php?rest_route=\/wp\/v2\/pages\/129\/revisions\/152"}],"wp:attachment":[{"href":"https:\/\/art-nouveau.tmj-digital.de\/index.php?rest_route=%2Fwp%2Fv2%2Fmedia&parent=129"}],"curies":[{"name":"wp","href":"https:\/\/api.w.org\/{rel}","templated":true}]}}